{"id":5414,"date":"2023-11-13T08:58:13","date_gmt":"2023-11-13T05:58:13","guid":{"rendered":"https:\/\/peweld.ee\/products\/price-list-plastic-shutters\/"},"modified":"2024-03-14T21:23:35","modified_gmt":"2024-03-14T18:23:35","slug":"price-list-plastic-shutters","status":"publish","type":"page","link":"https:\/\/peweld.ee\/en\/products\/price-list-plastic-shutters\/","title":{"rendered":"Price list plastic shutters"},"content":{"rendered":"\t\t<div data-elementor-type=\"wp-page\" data-elementor-id=\"5414\" class=\"elementor elementor-5414 elementor-4221\">\n\t\t\t\t<div class=\"aux-parallax-section elementor-element elementor-element-2f15eb3c e-flex e-con-boxed e-con e-parent\" data-id=\"2f15eb3c\" data-element_type=\"container\">\n\t\t\t\t\t<div class=\"e-con-inner\">\n\t\t\t\t<div class=\"elementor-element elementor-element-59896b78 exad-sticky-section-no exad-glass-effect-no elementor-widget elementor-widget-heading\" data-id=\"59896b78\" data-element_type=\"widget\" data-widget_type=\"heading.default\">\n\t\t\t\t<div class=\"elementor-widget-container\">\n\t\t\t\t\t<h2 class=\"elementor-heading-title elementor-size-default\"><span style=\"color: var(--paletteColor1, #ED1C24)\">PEWELD O\u00dc<\/span> price list\n  - PLASTIC SHUTTERS AND TELESCOPES WITH PLASTIC SHUTTERS<\/h2>\t\t\t\t<\/div>\n\t\t\t\t<\/div>\n\t\t\t\t\t<\/div>\n\t\t\t\t<\/div>\n\t\t<div class=\"aux-parallax-section elementor-element elementor-element-12f66fe e-flex e-con-boxed e-con e-parent\" data-id=\"12f66fe\" data-element_type=\"container\">\n\t\t\t\t\t<div class=\"e-con-inner\">\n\t\t\t\t<div class=\"elementor-element elementor-element-27d0cce exad-sticky-section-no exad-glass-effect-no elementor-widget elementor-widget-elementskit-tablepress\" data-id=\"27d0cce\" data-element_type=\"widget\" data-widget_type=\"elementskit-tablepress.default\">\n\t\t\t\t<div class=\"elementor-widget-container\">\n\t\t\t\t\t<div class=\"elemenetskit-tablepress ekit-wid-con\" id=\"ekit_tablepress_27d0cce\">\n<table id=\"tablepress-7\" class=\"tablepress tablepress-id-7\">\n<thead>\n<tr class=\"row-1\">\n\t<th class=\"column-1\">Kood<\/th><th class=\"column-2\">Kirjeldus<\/th><th class=\"column-3\">Hind (ilma KM)<\/th>\n<\/tr>\n<\/thead>\n<tbody class=\"row-striping row-hover\">\n<tr class=\"row-2\">\n\t<td class=\"column-1\"><\/td><td class=\"column-2\"><strong>PP-Plastluugid ja plastluugiga teleskoobid<strong><\/strong><\/td><td class=\"column-3\"><\/td>\n<\/tr>\n<tr class=\"row-3\">\n\t<td class=\"column-1\">P315<\/td><td class=\"column-2\">de315 plastluuk siledale torule 7,5t kandev\u00f5ime<\/td><td class=\"column-3\">40<\/td>\n<\/tr>\n<tr class=\"row-4\">\n\t<td class=\"column-1\">P400<\/td><td class=\"column-2\">de400 plastluuk siledale\/gofreeritud torule 7,5t kandev\u00f5ime<\/td><td class=\"column-3\">45<\/td>\n<\/tr>\n<tr class=\"row-5\">\n\t<td class=\"column-1\">DTO315<\/td><td class=\"column-2\">de315 plastluuk \u00fcmar umbluuk teleskoobitav 3t kandev\u00f5ime<\/td><td class=\"column-3\">60<\/td>\n<\/tr>\n<tr class=\"row-6\">\n\t<td class=\"column-1\">DTO315D<\/td><td class=\"column-2\">de315 plastluuk \u00fcmar restluuk teleskoobitav 3t kandev\u00f5ime<\/td><td class=\"column-3\">60<\/td>\n<\/tr>\n<tr class=\"row-7\">\n\t<td class=\"column-1\">DTK315<\/td><td class=\"column-2\">de315 plastluuk kandiline umbluuk teleskoobitav 3t kandev\u00f5ime<\/td><td class=\"column-3\">60<\/td>\n<\/tr>\n<tr class=\"row-8\">\n\t<td class=\"column-1\">DTK315D<\/td><td class=\"column-2\">de315 plastluuk kandiline restluuk teleskoobitav 3t kandev\u00f5ime<\/td><td class=\"column-3\">60<\/td>\n<\/tr>\n<tr class=\"row-9\">\n\t<td class=\"column-1\">PTO315<\/td><td class=\"column-2\">de315 teleskoop plastluugiga (\u00fcmar umbluuk) 3t kandev\u00f5ime<\/td><td class=\"column-3\">82<\/td>\n<\/tr>\n<tr class=\"row-10\">\n\t<td class=\"column-1\">PTO315D<\/td><td class=\"column-2\">de315 teleskoop plastluugiga (\u00fcmar restluuk) 3t kandev\u00f5ime<\/td><td class=\"column-3\">82<\/td>\n<\/tr>\n<tr class=\"row-11\">\n\t<td class=\"column-1\">PTK315<\/td><td class=\"column-2\">de315 teleskoop plastluugiga (kandiline umbluuk) 3t kandev\u00f5ime<\/td><td class=\"column-3\">82<\/td>\n<\/tr>\n<tr class=\"row-12\">\n\t<td class=\"column-1\">PTK315D<\/td><td class=\"column-2\">de315 teleskoop plastluugiga (kandiline restluuk) 3t kandev\u00f5ime<\/td><td class=\"column-3\">82<\/td>\n<\/tr>\n<\/tbody>\n<\/table>\n<!-- #tablepress-7 from cache --><\/div>\t\t\t\t<\/div>\n\t\t\t\t<\/div>\n\t\t\t\t\t<\/div>\n\t\t\t\t<\/div>\n\t\t\t\t<\/div>\n\t\t","protected":false},"excerpt":{"rendered":"<p>PEWELD O\u00dc price list &#8211; PLASTIC SHUTTERS AND TELESCOPES WITH PLASTIC SHUTTERS Kood Kirjeldus Hind (ilma KM) PP-Plastluugid ja plastluugiga teleskoobid P315 de315 plastluuk siledale torule 7,5t kandev\u00f5ime 40 P400 de400 plastluuk siledale\/gofreeritud torule 7,5t kandev\u00f5ime 45 DTO315 de315 plastluuk \u00fcmar umbluuk teleskoobitav 3t kandev\u00f5ime 60 DTO315D de315 plastluuk \u00fcmar restluuk teleskoobitav 3t kandev\u00f5ime 60 [&hellip;]<\/p>\n","protected":false},"author":1,"featured_media":0,"parent":5398,"menu_order":0,"comment_status":"closed","ping_status":"closed","template":"","meta":{"footnotes":""},"class_list":["post-5414","page","type-page","status-publish","hentry"],"_links":{"self":[{"href":"https:\/\/peweld.ee\/en\/wp-json\/wp\/v2\/pages\/5414","targetHints":{"allow":["GET"]}}],"collection":[{"href":"https:\/\/peweld.ee\/en\/wp-json\/wp\/v2\/pages"}],"about":[{"href":"https:\/\/peweld.ee\/en\/wp-json\/wp\/v2\/types\/page"}],"author":[{"embeddable":true,"href":"https:\/\/peweld.ee\/en\/wp-json\/wp\/v2\/users\/1"}],"replies":[{"embeddable":true,"href":"https:\/\/peweld.ee\/en\/wp-json\/wp\/v2\/comments?post=5414"}],"version-history":[{"count":1,"href":"https:\/\/peweld.ee\/en\/wp-json\/wp\/v2\/pages\/5414\/revisions"}],"predecessor-version":[{"id":5415,"href":"https:\/\/peweld.ee\/en\/wp-json\/wp\/v2\/pages\/5414\/revisions\/5415"}],"up":[{"embeddable":true,"href":"https:\/\/peweld.ee\/en\/wp-json\/wp\/v2\/pages\/5398"}],"wp:attachment":[{"href":"https:\/\/peweld.ee\/en\/wp-json\/wp\/v2\/media?parent=5414"}],"curies":[{"name":"wp","href":"https:\/\/api.w.org\/{rel}","templated":true}]}}