{"id":5418,"date":"2023-11-13T09:54:40","date_gmt":"2023-11-13T06:54:40","guid":{"rendered":"https:\/\/peweld.ee\/products\/price-list-gutter-drain\/"},"modified":"2024-03-14T21:24:05","modified_gmt":"2024-03-14T18:24:05","slug":"price-list-gutter-drain","status":"publish","type":"page","link":"https:\/\/peweld.ee\/en\/products\/price-list-gutter-drain\/","title":{"rendered":"Price list gutter drain"},"content":{"rendered":"\t\t<div data-elementor-type=\"wp-page\" data-elementor-id=\"5418\" class=\"elementor elementor-5418 elementor-4245\">\n\t\t\t\t<div class=\"aux-parallax-section elementor-element elementor-element-2f15eb3c e-flex e-con-boxed e-con e-parent\" data-id=\"2f15eb3c\" data-element_type=\"container\">\n\t\t\t\t\t<div class=\"e-con-inner\">\n\t\t\t\t<div class=\"elementor-element elementor-element-59896b78 exad-sticky-section-no exad-glass-effect-no elementor-widget elementor-widget-heading\" data-id=\"59896b78\" data-element_type=\"widget\" data-widget_type=\"heading.default\">\n\t\t\t\t<div class=\"elementor-widget-container\">\n\t\t\t\t\t<h2 class=\"elementor-heading-title elementor-size-default\"><span style=\"color: var(--paletteColor1, #ED1C24)\">PEWELD O\u00dc<\/span> price list\n  - GUTTER DRAINAGE<\/h2>\t\t\t\t<\/div>\n\t\t\t\t<\/div>\n\t\t\t\t\t<\/div>\n\t\t\t\t<\/div>\n\t\t<div class=\"aux-parallax-section elementor-element elementor-element-12f66fe e-flex e-con-boxed e-con e-parent\" data-id=\"12f66fe\" data-element_type=\"container\">\n\t\t\t\t\t<div class=\"e-con-inner\">\n\t\t\t\t<div class=\"elementor-element elementor-element-27d0cce exad-sticky-section-no exad-glass-effect-no elementor-widget elementor-widget-elementskit-tablepress\" data-id=\"27d0cce\" data-element_type=\"widget\" data-widget_type=\"elementskit-tablepress.default\">\n\t\t\t\t<div class=\"elementor-widget-container\">\n\t\t\t\t\t<div class=\"elemenetskit-tablepress ekit-wid-con\" id=\"ekit_tablepress_27d0cce\">\n<table id=\"tablepress-8\" class=\"tablepress tablepress-id-8\">\n<thead>\n<tr class=\"row-1\">\n\t<th class=\"column-1\">Kood<\/th><th class=\"column-2\">Kirjeldus<\/th><th class=\"column-3\">Hind (ilma KM)<\/th>\n<\/tr>\n<\/thead>\n<tbody class=\"row-striping row-hover\">\n<tr class=\"row-2\">\n\t<td class=\"column-1\"><\/td><td class=\"column-2\"><strong>Renni \u00e4ravool<strong><\/strong><\/td><td class=\"column-3\"><\/td>\n<\/tr>\n<tr class=\"row-3\">\n\t<td class=\"column-1\">GTR<\/td><td class=\"column-2\">Renni \u00e4ravool<\/td><td class=\"column-3\">75<\/td>\n<\/tr>\n<\/tbody>\n<\/table>\n<!-- #tablepress-8 from cache --><\/div>\t\t\t\t<\/div>\n\t\t\t\t<\/div>\n\t\t\t\t\t<\/div>\n\t\t\t\t<\/div>\n\t\t\t\t<\/div>\n\t\t","protected":false},"excerpt":{"rendered":"<p>PEWELD O\u00dc price list &#8211; GUTTER DRAINAGE Muuda Kood Kirjeldus Hind (ilma KM) Renni \u00e4ravool GTR Renni \u00e4ravool 75<\/p>\n","protected":false},"author":1,"featured_media":0,"parent":5398,"menu_order":0,"comment_status":"closed","ping_status":"closed","template":"","meta":{"footnotes":""},"class_list":["post-5418","page","type-page","status-publish","hentry"],"_links":{"self":[{"href":"https:\/\/peweld.ee\/en\/wp-json\/wp\/v2\/pages\/5418","targetHints":{"allow":["GET"]}}],"collection":[{"href":"https:\/\/peweld.ee\/en\/wp-json\/wp\/v2\/pages"}],"about":[{"href":"https:\/\/peweld.ee\/en\/wp-json\/wp\/v2\/types\/page"}],"author":[{"embeddable":true,"href":"https:\/\/peweld.ee\/en\/wp-json\/wp\/v2\/users\/1"}],"replies":[{"embeddable":true,"href":"https:\/\/peweld.ee\/en\/wp-json\/wp\/v2\/comments?post=5418"}],"version-history":[{"count":3,"href":"https:\/\/peweld.ee\/en\/wp-json\/wp\/v2\/pages\/5418\/revisions"}],"predecessor-version":[{"id":5421,"href":"https:\/\/peweld.ee\/en\/wp-json\/wp\/v2\/pages\/5418\/revisions\/5421"}],"up":[{"embeddable":true,"href":"https:\/\/peweld.ee\/en\/wp-json\/wp\/v2\/pages\/5398"}],"wp:attachment":[{"href":"https:\/\/peweld.ee\/en\/wp-json\/wp\/v2\/media?parent=5418"}],"curies":[{"name":"wp","href":"https:\/\/api.w.org\/{rel}","templated":true}]}}