{"id":5434,"date":"2023-11-13T10:03:07","date_gmt":"2023-11-13T07:03:07","guid":{"rendered":"https:\/\/peweld.ee\/products\/price-list-water-meter-chambers\/"},"modified":"2024-03-14T21:26:06","modified_gmt":"2024-03-14T18:26:06","slug":"price-list-water-meter-chambers","status":"publish","type":"page","link":"https:\/\/peweld.ee\/en\/products\/price-list-water-meter-chambers\/","title":{"rendered":"Price list water meter chambers"},"content":{"rendered":"\t\t<div data-elementor-type=\"wp-page\" data-elementor-id=\"5434\" class=\"elementor elementor-5434 elementor-4270\">\n\t\t\t\t<div class=\"aux-parallax-section elementor-element elementor-element-2f15eb3c e-flex e-con-boxed e-con e-parent\" data-id=\"2f15eb3c\" data-element_type=\"container\">\n\t\t\t\t\t<div class=\"e-con-inner\">\n\t\t\t\t<div class=\"elementor-element elementor-element-59896b78 exad-sticky-section-no exad-glass-effect-no elementor-widget elementor-widget-heading\" data-id=\"59896b78\" data-element_type=\"widget\" data-widget_type=\"heading.default\">\n\t\t\t\t<div class=\"elementor-widget-container\">\n\t\t\t\t\t<h2 class=\"elementor-heading-title elementor-size-default\"><span style=\"color: var(--paletteColor1, #ED1C24)\">PEWELD O\u00dc<\/span> price list\n - WATER METER CHAMBERS<\/h2>\t\t\t\t<\/div>\n\t\t\t\t<\/div>\n\t\t\t\t\t<\/div>\n\t\t\t\t<\/div>\n\t\t<div class=\"aux-parallax-section elementor-element elementor-element-12f66fe e-flex e-con-boxed e-con e-parent\" data-id=\"12f66fe\" data-element_type=\"container\">\n\t\t\t\t\t<div class=\"e-con-inner\">\n\t\t\t\t<div class=\"elementor-element elementor-element-27d0cce exad-sticky-section-no exad-glass-effect-no elementor-widget elementor-widget-elementskit-tablepress\" data-id=\"27d0cce\" data-element_type=\"widget\" data-widget_type=\"elementskit-tablepress.default\">\n\t\t\t\t<div class=\"elementor-widget-container\">\n\t\t\t\t\t<div class=\"elemenetskit-tablepress ekit-wid-con\" id=\"ekit_tablepress_27d0cce\">\n<table id=\"tablepress-13\" class=\"tablepress tablepress-id-13\">\n<thead>\n<tr class=\"row-1\">\n\t<th class=\"column-1\">Kood<\/th><th class=\"column-2\">Kirjeldus<\/th><th class=\"column-3\">Hind (ilma KM)<\/th>\n<\/tr>\n<\/thead>\n<tbody class=\"row-striping row-hover\">\n<tr class=\"row-2\">\n\t<td class=\"column-1\"><\/td><td class=\"column-2\"><strong>Veem\u00f5\u00f5dukaevud<strong><\/strong><\/td><td class=\"column-3\"><\/td>\n<\/tr>\n<tr class=\"row-3\">\n\t<td class=\"column-1\">VMK1200H<\/td><td class=\"column-2\">VMK ID1200\/800 SN2<\/td><td class=\"column-3\">3100<\/td>\n<\/tr>\n<tr class=\"row-4\">\n\t<td class=\"column-1\">VMK1200T<\/td><td class=\"column-2\">VMK ID1200\/630 40t SN2<\/td><td class=\"column-3\">3500<\/td>\n<\/tr>\n<tr class=\"row-5\">\n\t<td class=\"column-1\">VMK1500H<\/td><td class=\"column-2\">VMK ID1500\/800 SN4<\/td><td class=\"column-3\">4500<\/td>\n<\/tr>\n<tr class=\"row-6\">\n\t<td class=\"column-1\">VMK1500T<\/td><td class=\"column-2\">VMK ID1500\/630 40t SN4<\/td><td class=\"column-3\">4900<\/td>\n<\/tr>\n<tr class=\"row-7\">\n\t<td class=\"column-1\">VMK1300H<\/td><td class=\"column-2\">VMK ID1300\/800 pallis<\/td><td class=\"column-3\">2500<\/td>\n<\/tr>\n<tr class=\"row-8\">\n\t<td class=\"column-1\">VMK1300T<\/td><td class=\"column-2\">VMK ID1300\/630 40t pallis<\/td><td class=\"column-3\">2900<\/td>\n<\/tr>\n<tr class=\"row-9\">\n\t<td class=\"column-1\">VMK1700H<\/td><td class=\"column-2\">VMK ID1700\/800 pallis<\/td><td class=\"column-3\">3000<\/td>\n<\/tr>\n<tr class=\"row-10\">\n\t<td class=\"column-1\">VMK1700T<\/td><td class=\"column-2\">VMK ID1700\/630 40t pallis<\/td><td class=\"column-3\">3400<\/td>\n<\/tr>\n<tr class=\"row-11\">\n\t<td class=\"column-1\">HDRKAEV<\/td><td class=\"column-2\">H\u00fcdrandikaev ASTV<\/td><td class=\"column-3\">3250<\/td>\n<\/tr>\n<\/tbody>\n<\/table>\n<!-- #tablepress-13 from cache --><\/div>\t\t\t\t<\/div>\n\t\t\t\t<\/div>\n\t\t\t\t\t<\/div>\n\t\t\t\t<\/div>\n\t\t\t\t<\/div>\n\t\t","protected":false},"excerpt":{"rendered":"<p>PEWELD O\u00dc price list &#8211; WATER METER CHAMBERS Muuda Kood Kirjeldus Hind (ilma KM) Veem\u00f5\u00f5dukaevud VMK1200H VMK ID1200\/800 SN2 3100 VMK1200T VMK ID1200\/630 40t SN2 3500 VMK1500H VMK ID1500\/800 SN4 4500 VMK1500T VMK ID1500\/630 40t SN4 4900 VMK1300H VMK ID1300\/800 pallis 2500 VMK1300T VMK ID1300\/630 40t pallis 2900 VMK1700H VMK ID1700\/800 pallis 3000 VMK1700T VMK [&hellip;]<\/p>\n","protected":false},"author":1,"featured_media":0,"parent":5398,"menu_order":0,"comment_status":"closed","ping_status":"closed","template":"","meta":{"footnotes":""},"class_list":["post-5434","page","type-page","status-publish","hentry"],"_links":{"self":[{"href":"https:\/\/peweld.ee\/en\/wp-json\/wp\/v2\/pages\/5434","targetHints":{"allow":["GET"]}}],"collection":[{"href":"https:\/\/peweld.ee\/en\/wp-json\/wp\/v2\/pages"}],"about":[{"href":"https:\/\/peweld.ee\/en\/wp-json\/wp\/v2\/types\/page"}],"author":[{"embeddable":true,"href":"https:\/\/peweld.ee\/en\/wp-json\/wp\/v2\/users\/1"}],"replies":[{"embeddable":true,"href":"https:\/\/peweld.ee\/en\/wp-json\/wp\/v2\/comments?post=5434"}],"version-history":[{"count":3,"href":"https:\/\/peweld.ee\/en\/wp-json\/wp\/v2\/pages\/5434\/revisions"}],"predecessor-version":[{"id":5437,"href":"https:\/\/peweld.ee\/en\/wp-json\/wp\/v2\/pages\/5434\/revisions\/5437"}],"up":[{"embeddable":true,"href":"https:\/\/peweld.ee\/en\/wp-json\/wp\/v2\/pages\/5398"}],"wp:attachment":[{"href":"https:\/\/peweld.ee\/en\/wp-json\/wp\/v2\/media?parent=5434"}],"curies":[{"name":"wp","href":"https:\/\/api.w.org\/{rel}","templated":true}]}}